{"id":3503,"date":"2022-11-19T11:43:28","date_gmt":"2022-11-19T11:43:28","guid":{"rendered":"http:\/\/www.iplaymc.jo\/?post_type=product&#038;p=3503"},"modified":"2026-02-26T09:41:38","modified_gmt":"2026-02-26T09:41:38","slug":"cordoba-u1c-concert","status":"publish","type":"product","link":"https:\/\/www.iplaymc.jo\/index.php\/product\/cordoba-u1c-concert\/","title":{"rendered":"Cordoba U1C Concert Ukulele"},"content":{"rendered":"<p>&nbsp;<\/p>\n<div class=\"item-instrument__content t-content l-wrapper__inner-stagger u-center\">\n<p>The <strong>U1<\/strong> is one of C\u00f3rdoba&#8217;s most popular ukuleles, perfect for beginners and enthusiasts. Concert sized and built with a mahogany top, back and sides, you&#8217;ll enjoy this ukulele&#8217;s bright, balanced, and happy tone with each strum. Its light satin finish and abalone-style rosette create a classic look and premium Italian Aquila Nylgut strings hold their GCEA tuning.<\/p>\n<\/div>\n<table class=\"item-instrument__full-specs-table\">\n<tbody>\n<tr>\n<th scope=\"row\">Tuning<\/th>\n<td>G-C-E-A<\/td>\n<\/tr>\n<tr>\n<th scope=\"row\">Nut String Spacing<\/th>\n<td>28.5mm<\/td>\n<\/tr>\n<tr>\n<th scope=\"row\">Back Purfling Inlay Pattern &amp; Dimensions<\/th>\n<td>N \/ A<\/td>\n<\/tr>\n<tr>\n<th scope=\"row\">Frets to Body<\/th>\n<td>14<\/td>\n<\/tr>\n<tr>\n<th scope=\"row\">Back Binding<\/th>\n<td>N \/ A<\/td>\n<\/tr>\n<tr>\n<th scope=\"row\">Back Center Strip<\/th>\n<td>N \/ A<\/td>\n<\/tr>\n<tr>\n<th scope=\"row\">psid<\/th>\n<td>29<\/td>\n<\/tr>\n<tr>\n<th scope=\"row\">Side Purfling Inlay Pattern &amp; Dimensions<\/th>\n<td>N \/ A<\/td>\n<\/tr>\n<tr>\n<th scope=\"row\">Headplate<\/th>\n<td>Mahogany<\/td>\n<\/tr>\n<tr>\n<th scope=\"row\">Tail Strip<\/th>\n<td>N \/ A<\/td>\n<\/tr>\n<tr>\n<th scope=\"row\">Top Purfling Pattern &amp; Dimensions<\/th>\n<td>N \/ A<\/td>\n<\/tr>\n<tr>\n<th scope=\"row\">Headstock Logo<\/th>\n<td>Prot\u00e9g\u00e9 Logo &#8211; Silver MOP Decal<\/td>\n<\/tr>\n<tr>\n<th scope=\"row\">Tuning Machine Ratio<\/th>\n<td>14:1<\/td>\n<\/tr>\n<tr>\n<th scope=\"row\">Neck Joint<\/th>\n<td>Dowel Joint<\/td>\n<\/tr>\n<tr>\n<th scope=\"row\">Tuning Machine Buttons<\/th>\n<td>Cream<\/td>\n<\/tr>\n<tr>\n<th scope=\"row\">Electronics Vendor &amp; Model<\/th>\n<td>N \/ A<\/td>\n<\/tr>\n<tr>\n<th scope=\"row\">Pickup Type<\/th>\n<td>N \/ A<\/td>\n<\/tr>\n<tr>\n<th scope=\"row\">Middle Pickup<\/th>\n<td>None<\/td>\n<\/tr>\n<tr>\n<th scope=\"row\">Waist Width<\/th>\n<td>127mm (5&#8243;)<\/td>\n<\/tr>\n<tr>\n<th scope=\"row\">Target Instrument Weight<\/th>\n<td>1 lb \/ .45 kg<\/td>\n<\/tr>\n<tr>\n<th scope=\"row\">Does it contain shell?<\/th>\n<td>No<\/td>\n<\/tr>\n<tr>\n<th scope=\"row\">Shipper Carton Dimensions<\/th>\n<td>64 x 25 x 10 (cm)<\/td>\n<\/tr>\n<tr>\n<th scope=\"row\">Master Carton Dimensions<\/th>\n<td>66 x 58 x 39 (cm)<\/td>\n<\/tr>\n<tr>\n<th scope=\"row\">Number of Strings<\/th>\n<td>4<\/td>\n<\/tr>\n<tr>\n<th scope=\"row\">pcid<\/th>\n<td>3<\/td>\n<\/tr>\n<tr>\n<th scope=\"row\">Scale Length (Ukulele)<\/th>\n<td>375mm (14 3\/4&#8243;)<\/td>\n<\/tr>\n<tr>\n<th scope=\"row\">Item Number<\/th>\n<td>03910<\/td>\n<\/tr>\n<tr>\n<th scope=\"row\">Family<\/th>\n<td>N \/ A<\/td>\n<\/tr>\n<tr>\n<th scope=\"row\">Build<\/th>\n<td>Ukulele<\/td>\n<\/tr>\n<tr>\n<th scope=\"row\">Construction<\/th>\n<td>Layered<\/td>\n<\/tr>\n<tr>\n<th scope=\"row\">Body Size<\/th>\n<td>Concert<\/td>\n<\/tr>\n<tr>\n<th scope=\"row\">Body Top<\/th>\n<td>Mahogany<\/td>\n<\/tr>\n<tr>\n<th scope=\"row\">Top Bracing Pattern<\/th>\n<td>Fan<\/td>\n<\/tr>\n<tr>\n<th scope=\"row\">Soundhole Diameter<\/th>\n<td>55mm (2 1\/8&#8243;)<\/td>\n<\/tr>\n<tr>\n<th scope=\"row\">Rosette<\/th>\n<td>Abalone-style Decal<\/td>\n<\/tr>\n<tr>\n<th scope=\"row\">Top Binding<\/th>\n<td>N \/ A<\/td>\n<\/tr>\n<tr>\n<th scope=\"row\">Side Purfling Inlay<\/th>\n<td>N \/ A<\/td>\n<\/tr>\n<tr>\n<th scope=\"row\">Back and Sides Wood<\/th>\n<td>Mahogany<\/td>\n<\/tr>\n<tr>\n<th scope=\"row\">Back Purfling Inlay<\/th>\n<td>N \/ A<\/td>\n<\/tr>\n<tr>\n<th scope=\"row\">Neck Material<\/th>\n<td>Mahogany<\/td>\n<\/tr>\n<tr>\n<th scope=\"row\">Neck Shape<\/th>\n<td>C Shape<\/td>\n<\/tr>\n<tr>\n<th scope=\"row\">Nut Width<\/th>\n<td>35mm (1 3\/8&#8243;)<\/td>\n<\/tr>\n<tr>\n<th scope=\"row\">Neck Thickness 1st Fret<\/th>\n<td>17mm<\/td>\n<\/tr>\n<tr>\n<th scope=\"row\">Neck Thickness 9th Fret<\/th>\n<td>20mm<\/td>\n<\/tr>\n<tr>\n<th scope=\"row\">Fingerboard Material<\/th>\n<td>Pau Ferro<\/td>\n<\/tr>\n<tr>\n<th scope=\"row\">Fingerboard Inlays<\/th>\n<td>4mm Dots &#8211; Pearloid<\/td>\n<\/tr>\n<tr>\n<th scope=\"row\">Frets Total<\/th>\n<td>18<\/td>\n<\/tr>\n<tr>\n<th scope=\"row\">Color<\/th>\n<td>Natural (NAT)<\/td>\n<\/tr>\n<tr>\n<th scope=\"row\">Finish<\/th>\n<td>Satin Polyurethane<\/td>\n<\/tr>\n<tr>\n<th scope=\"row\">Bridge Material<\/th>\n<td>Pau Ferro<\/td>\n<\/tr>\n<tr>\n<th scope=\"row\">Saddle Material<\/th>\n<td>Composite<\/td>\n<\/tr>\n<tr>\n<th scope=\"row\">Nut Material<\/th>\n<td>Composite<\/td>\n<\/tr>\n<tr>\n<th scope=\"row\">Electronics<\/th>\n<td>N \/ A<\/td>\n<\/tr>\n<tr>\n<th scope=\"row\">Strings<\/th>\n<td>Aquila New Nylgut Concert 7U<\/td>\n<\/tr>\n<tr>\n<th scope=\"row\">Upper Bout Width<\/th>\n<td>152mm (6&#8243;)<\/td>\n<\/tr>\n<tr>\n<th scope=\"row\">Lower Bout Width<\/th>\n<td>203mm (8&#8243;)<\/td>\n<\/tr>\n<tr>\n<th scope=\"row\">Body Depth Upper Bout<\/th>\n<td>60mm (2 3\/8&#8243;)<\/td>\n<\/tr>\n<tr>\n<th scope=\"row\">Body Depth Lower Bout<\/th>\n<td>70mm (2 3\/4&#8243;)<\/td>\n<\/tr>\n<tr>\n<th scope=\"row\">Body Length<\/th>\n<td>279mm (11&#8243;)<\/td>\n<\/tr>\n<tr>\n<th scope=\"row\">Overall Length<\/th>\n<td>610mm (24&#8243;)<\/td>\n<\/tr>\n<\/tbody>\n<\/table>\n<p>&nbsp;<\/p>\n<p><iframe loading=\"lazy\" title=\"Prot\u00e9g\u00e9 by C\u00f3rdoba U100CM\" width=\"1170\" height=\"658\" src=\"https:\/\/www.youtube.com\/embed\/RbzHsPeQfAM?feature=oembed\" frameborder=\"0\" allow=\"accelerometer; autoplay; clipboard-write; encrypted-media; gyroscope; picture-in-picture\" allowfullscreen><\/iframe><\/p>\n","protected":false},"excerpt":{"rendered":"<p>Brand: CORDOBA<br \/>\nModel: U1C<\/p>\n","protected":false},"featured_media":3501,"template":"","meta":[],"product_brand":[],"product_cat":[113],"product_tag":[],"class_list":{"0":"post-3503","1":"product","2":"type-product","3":"status-publish","4":"has-post-thumbnail","6":"product_cat-ukulele","8":"first","9":"instock","10":"featured","11":"shipping-taxable","12":"purchasable","13":"product-type-simple"},"_links":{"self":[{"href":"https:\/\/www.iplaymc.jo\/index.php\/wp-json\/wp\/v2\/product\/3503","targetHints":{"allow":["GET"]}}],"collection":[{"href":"https:\/\/www.iplaymc.jo\/index.php\/wp-json\/wp\/v2\/product"}],"about":[{"href":"https:\/\/www.iplaymc.jo\/index.php\/wp-json\/wp\/v2\/types\/product"}],"wp:featuredmedia":[{"embeddable":true,"href":"https:\/\/www.iplaymc.jo\/index.php\/wp-json\/wp\/v2\/media\/3501"}],"wp:attachment":[{"href":"https:\/\/www.iplaymc.jo\/index.php\/wp-json\/wp\/v2\/media?parent=3503"}],"wp:term":[{"taxonomy":"product_brand","embeddable":true,"href":"https:\/\/www.iplaymc.jo\/index.php\/wp-json\/wp\/v2\/product_brand?post=3503"},{"taxonomy":"product_cat","embeddable":true,"href":"https:\/\/www.iplaymc.jo\/index.php\/wp-json\/wp\/v2\/product_cat?post=3503"},{"taxonomy":"product_tag","embeddable":true,"href":"https:\/\/www.iplaymc.jo\/index.php\/wp-json\/wp\/v2\/product_tag?post=3503"}],"curies":[{"name":"wp","href":"https:\/\/api.w.org\/{rel}","templated":true}]}}