{"id":3491,"date":"2022-11-16T10:47:04","date_gmt":"2022-11-16T10:47:04","guid":{"rendered":"http:\/\/www.iplaymc.jo\/?post_type=product&#038;p=3491"},"modified":"2026-02-03T12:36:16","modified_gmt":"2026-02-03T12:36:16","slug":"cordoba-c1-matiz-with-gig-bag","status":"publish","type":"product","link":"https:\/\/www.iplaymc.jo\/index.php\/product\/cordoba-c1-matiz-with-gig-bag\/","title":{"rendered":"C\u00f3rdoba C1 Matiz with Gig Bag"},"content":{"rendered":"<header class=\"header-hero header-hero--has-image  header-hero--content-below header-hero--image-short header-hero--spacing-little\">\n<div class=\"header-hero__wrapper\">\n<div class=\"header-hero__content u-decor-brushtroke u-decor-brushtroke--neg-gutters u-decor-brushtroke--position-bottom u-decor-brushtroke--bottom-as-top-white\">\n<div class=\"header-hero__wrapper-content l-wrapper l-wrapper__inner-stagger\">\n<div class=\"header-hero__wrapper-content-inner\">\n<h1 class=\"header-hero__title h1  u-title-decor u-title-decor--color-bombay-alt\">C1 Matiz in Pale Sky<\/h1>\n<\/div>\n<\/div>\n<\/div>\n<\/div>\n<\/header>\n<article class=\"item-instrument\">\n<div class=\"l-wrapper\">\n<div class=\"item-instrument__section item-instrument__section--content\">\n<div class=\"l-wrapper\">\n<div class=\"item-instrument__content t-content l-wrapper__inner-stagger u-center\">\n<p>Bring your music to life in full color with the Prot\u00e9g\u00e9 C1 Matiz! A fresh take on the traditional aesthetic of the nylon-string guitar, the Matiz series combines maple accents and traditional tone woods in 4 eye-catching colors: Aqua, Coral, Pale Sky, and Classic Blue. Spruce top and mahogany back and sides provide the projection and warmth associated with a nylon string guitar, while the maple headplate, bridge, and full-scale fretboard give the C1 Matiz an all new look with a lively tonal response. A satin polyurethane finish provides a layer of protection against nicks and scratches, while the ghost rosette, designed after our traditional wood rosette, allows the eye-catching colored tops of the C1 Matiz to shine through and take center stage. Includes a color-matched gig bag made of recycled nylon so you can rest easy knowing your instrument is protected in responsible and sustainable fashion.<\/p>\n<\/div>\n<h2>Tech Specs<\/h2>\n<ul class=\"table\">\n<li class=\"table__row\"><strong class=\"table__header\">String Type: <\/strong><span class=\"table__cell\">Nylon<\/span><\/li>\n<li class=\"table__row\"><strong class=\"table__header\">Number of Strings: <\/strong><span class=\"table__cell\">6<\/span><\/li>\n<li class=\"table__row\"><strong class=\"table__header\">Body Shape: <\/strong><span class=\"table__cell\">Protege C1 Matiz<\/span><\/li>\n<li class=\"table__row\"><strong class=\"table__header\">Left-\/Right-handed: <\/strong><span class=\"table__cell\">Right-handed<\/span><\/li>\n<li class=\"table__row\"><strong class=\"table__header\">Color: <\/strong><span class=\"table__cell\">Pale Sky<\/span><\/li>\n<li class=\"table__row\"><strong class=\"table__header\">Finish: <\/strong><span class=\"table__cell\">Satin Polyurethane<\/span><\/li>\n<li class=\"table__row\"><strong class=\"table__header\">Top Wood: <\/strong><span class=\"table__cell\">Spruce<\/span><\/li>\n<li class=\"table__row\"><strong class=\"table__header\">Back &amp; Sides Wood: <\/strong><span class=\"table__cell\">Mahogany<\/span><\/li>\n<li class=\"table__row\"><strong class=\"table__header\">Body Bracing: <\/strong><span class=\"table__cell\">Maple<\/span><\/li>\n<li class=\"table__row\"><strong class=\"table__header\">Binding: <\/strong><span class=\"table__cell\">Ivory ABS<\/span><\/li>\n<li class=\"table__row\"><strong class=\"table__header\">Neck Wood: <\/strong><span class=\"table__cell\">Mahogany<\/span><\/li>\n<li class=\"table__row\"><strong class=\"table__header\">Neck Shape: <\/strong><span class=\"table__cell\">C<\/span><\/li>\n<li class=\"table__row\"><strong class=\"table__header\">Fingerboard Material: <\/strong><span class=\"table__cell\">Maple<\/span><\/li>\n<li class=\"table__row\"><strong class=\"table__header\">Number of Frets: <\/strong><span class=\"table__cell\">19<\/span><\/li>\n<li class=\"table__row\"><strong class=\"table__header\">Scale Length: <\/strong><span class=\"table__cell\">25.6&#8243;<\/span><\/li>\n<li class=\"table__row\"><strong class=\"table__header\">Tuning Machines: <\/strong><span class=\"table__cell\">Cordoba Nickel with Pearl buttons<\/span><\/li>\n<li class=\"table__row\"><strong class=\"table__header\">Bridge Material: <\/strong><span class=\"table__cell\">Maple<\/span><\/li>\n<li class=\"table__row\"><strong class=\"table__header\">Nut\/Saddle Material: <\/strong><span class=\"table__cell\">Composite\/Composite<\/span><\/li>\n<li class=\"table__row\"><strong class=\"table__header\">Nut Width: <\/strong><span class=\"table__cell\">2.05&#8243;<\/span><\/li>\n<li class=\"table__row\"><strong class=\"table__header\">Strings: <\/strong><span class=\"table__cell\">Savarez Cristal Corum High Tension 500CJ<\/span><\/li>\n<li class=\"table__row\"><strong class=\"table__header\">Case Included: <\/strong><span class=\"table__cell\">Gig Bag<\/span><\/li>\n<\/ul>\n<p><iframe loading=\"lazy\" title=\"C\u00f3rdoba Prot\u00e9g\u00e9 C1 Matiz Series\" width=\"1170\" height=\"658\" src=\"https:\/\/www.youtube.com\/embed\/aXAxU3WuhCI?feature=oembed\" frameborder=\"0\" allow=\"accelerometer; autoplay; clipboard-write; encrypted-media; gyroscope; picture-in-picture\" allowfullscreen><\/iframe><\/p>\n<p><iframe loading=\"lazy\" title=\"C\u00f3rdoba Prot\u00e9g\u00e9 C1 Matiz Demo by Aaron Medina\" width=\"1170\" height=\"658\" src=\"https:\/\/www.youtube.com\/embed\/9dtbTr4LvGo?feature=oembed\" frameborder=\"0\" allow=\"accelerometer; autoplay; clipboard-write; encrypted-media; gyroscope; picture-in-picture\" allowfullscreen><\/iframe><\/p>\n<\/div>\n<\/div>\n<\/div>\n<\/article>\n","protected":false},"excerpt":{"rendered":"<p>Brand: C\u00f3rdoba<br \/>\nModel: C1 MATIZ<\/p>\n","protected":false},"featured_media":3493,"template":"","meta":[],"product_brand":[],"product_cat":[203],"product_tag":[],"class_list":{"0":"post-3491","1":"product","2":"type-product","3":"status-publish","4":"has-post-thumbnail","6":"product_cat-classical-flamenco","8":"first","9":"instock","10":"shipping-taxable","11":"purchasable","12":"product-type-simple"},"_links":{"self":[{"href":"https:\/\/www.iplaymc.jo\/index.php\/wp-json\/wp\/v2\/product\/3491","targetHints":{"allow":["GET"]}}],"collection":[{"href":"https:\/\/www.iplaymc.jo\/index.php\/wp-json\/wp\/v2\/product"}],"about":[{"href":"https:\/\/www.iplaymc.jo\/index.php\/wp-json\/wp\/v2\/types\/product"}],"wp:featuredmedia":[{"embeddable":true,"href":"https:\/\/www.iplaymc.jo\/index.php\/wp-json\/wp\/v2\/media\/3493"}],"wp:attachment":[{"href":"https:\/\/www.iplaymc.jo\/index.php\/wp-json\/wp\/v2\/media?parent=3491"}],"wp:term":[{"taxonomy":"product_brand","embeddable":true,"href":"https:\/\/www.iplaymc.jo\/index.php\/wp-json\/wp\/v2\/product_brand?post=3491"},{"taxonomy":"product_cat","embeddable":true,"href":"https:\/\/www.iplaymc.jo\/index.php\/wp-json\/wp\/v2\/product_cat?post=3491"},{"taxonomy":"product_tag","embeddable":true,"href":"https:\/\/www.iplaymc.jo\/index.php\/wp-json\/wp\/v2\/product_tag?post=3491"}],"curies":[{"name":"wp","href":"https:\/\/api.w.org\/{rel}","templated":true}]}}