{"id":3125,"date":"2022-01-13T13:04:20","date_gmt":"2022-01-13T13:04:20","guid":{"rendered":"http:\/\/www.iplaymc.jo\/?post_type=product&#038;p=3125"},"modified":"2026-01-29T09:31:29","modified_gmt":"2026-01-29T09:31:29","slug":"cordoba-c1m-ce","status":"publish","type":"product","link":"https:\/\/www.iplaymc.jo\/index.php\/product\/cordoba-c1m-ce\/","title":{"rendered":"C\u00f3rdoba C1M-CE"},"content":{"rendered":"<div class=\"item-instrument__content t-content l-wrapper__inner-stagger u-center\"><\/div>\n<header class=\"header-hero header-hero--has-image header-hero--content-below header-hero--image-short header-hero--spacing-little\">\n<div class=\"header-hero__wrapper\">\n<div class=\"header-hero__content u-decor-brushtroke u-decor-brushtroke--neg-gutters u-decor-brushtroke--position-bottom u-decor-brushtroke--bottom-as-top-white\">\n<div class=\"header-hero__wrapper-content l-wrapper l-wrapper__inner-stagger\">\n<div class=\"header-hero__wrapper-content-inner\">\n<h3 class=\"header-hero__title h1 u-title-decor u-title-decor--color-bombay-alt\">C1M-CE<\/h3>\n<\/div>\n<\/div>\n<\/div>\n<\/div>\n<\/header>\n<article class=\"item-instrument\">\n<div class=\"l-wrapper\">\n<div class=\"item-instrument__section item-instrument__section--content\">\n<div class=\"l-wrapper\">\n<div class=\"item-instrument__content t-content l-wrapper__inner-stagger u-center\">\n<p>The Prot\u00e9g\u00e9 by C\u00f3rdoba C1M-CE is the top choice nylon string guitar for students of all levels and is perfectly suited for both the classroom and home. Comfortable and easy to play, it&#8217;s a great first guitar at an affordable price. The C1M-CE features a cutaway body shape for easier access to the higher frets and a Cordoba GP-2 pickup system for amplified or acoustic playing. Every Prot\u00e9g\u00e9 C1M-CE is built with a spruce top, mahogany back and sides, a comfortable, slim neck profile, traditional mosaic rosette, and a matte polyurethane finish. Like all C\u00f3rdoba instruments, C1M-CE models feature premium Savarez strings and an adjustable truss rod for lifetime neck stability.<\/p>\n<\/div>\n<div class=\"obscure-this\" data-obscure=\"webtext\">\n<article id=\"desc\" class=\"webtext\">\n<div class=\"webtext-block webtext-switched webtext-block--text\">\n<div>\n<h2>Cordoba Prot\u00e9g\u00e9 C1M-CE Nylon-string Acoustic-electric Classical Guitar Features:<\/h2>\n<ul class=\"webtext-block--colcount\">\n<li>Value-packed classical guitar for beginners and students<\/li>\n<li>Spruce top delivers impressive note definition and powerful projection<\/li>\n<li>Mahogany back and sides add warmth and extra resonance<\/li>\n<li>Pau ferro fingerboard provides plenty of real estate for classical and flamenco playing<\/li>\n<li>GP-2 preamp creates an articulate plugged-in sound<\/li>\n<li>Cutaway body style enables greater access to the upper frets<\/li>\n<\/ul>\n<\/div>\n<\/div>\n<\/article>\n<\/div>\n<div class=\"obscure-this\" data-obscure=\"se-recommend\"><\/div>\n<div class=\"obscure-this\" data-obscure=\"media\"><\/div>\n<\/div>\n<\/div>\n<\/div>\n<\/article>\n<h2>Tech Specs<\/h2>\n<ul class=\"table\">\n<li class=\"table__row\"><strong class=\"table__header\">String Type: <\/strong><span class=\"table__cell\">Nylon<\/span><\/li>\n<li class=\"table__row\"><strong class=\"table__header\">Number of Strings: <\/strong><span class=\"table__cell\">6<\/span><\/li>\n<li class=\"table__row\"><strong class=\"table__header\">Body Shape: <\/strong><span class=\"table__cell\">Classical<\/span><\/li>\n<li class=\"table__row\"><strong class=\"table__header\">Left-\/Right-handed: <\/strong><span class=\"table__cell\">Right-handed<\/span><\/li>\n<li class=\"table__row\"><strong class=\"table__header\">Color: <\/strong><span class=\"table__cell\">Natural<\/span><\/li>\n<li class=\"table__row\"><strong class=\"table__header\">Finish: <\/strong><span class=\"table__cell\">Satin Polyurethane<\/span><\/li>\n<li class=\"table__row\"><strong class=\"table__header\">Top Wood: <\/strong><span class=\"table__cell\">Spruce<\/span><\/li>\n<li class=\"table__row\"><strong class=\"table__header\">Back &amp; Sides Wood: <\/strong><span class=\"table__cell\">Mahogany<\/span><\/li>\n<li class=\"table__row\"><strong class=\"table__header\">Body Bracing: <\/strong><span class=\"table__cell\">Fan<\/span><\/li>\n<li class=\"table__row\"><strong class=\"table__header\">Binding: <\/strong><span class=\"table__cell\">Black ABS<\/span><\/li>\n<li class=\"table__row\"><strong class=\"table__header\">Neck Wood: <\/strong><span class=\"table__cell\">Mahogany<\/span><\/li>\n<li class=\"table__row\"><strong class=\"table__header\">Neck Shape: <\/strong><span class=\"table__cell\">C<\/span><\/li>\n<li class=\"table__row\"><strong class=\"table__header\">Radius: <\/strong><span class=\"table__cell\">Flat<\/span><\/li>\n<li class=\"table__row\"><strong class=\"table__header\">Fingerboard Material: <\/strong><span class=\"table__cell\">Pau Ferro<\/span><\/li>\n<li class=\"table__row\"><strong class=\"table__header\">Number of Frets: <\/strong><span class=\"table__cell\">19<\/span><\/li>\n<li class=\"table__row\"><strong class=\"table__header\">Scale Length: <\/strong><span class=\"table__cell\">25.6&#8243;<\/span><\/li>\n<li class=\"table__row\"><strong class=\"table__header\">Tuning Machines: <\/strong><span class=\"table__cell\">Cordoba Gold with Pearl buttons<\/span><\/li>\n<li class=\"table__row\"><strong class=\"table__header\">Bridge Material: <\/strong><span class=\"table__cell\">Composite<\/span><\/li>\n<li class=\"table__row\"><strong class=\"table__header\">Nut\/Saddle Material: <\/strong><span class=\"table__cell\">Composite\/Composite<\/span><\/li>\n<li class=\"table__row\"><strong class=\"table__header\">Nut Width: <\/strong><span class=\"table__cell\">2.0&#8243;<\/span><\/li>\n<li class=\"table__row\"><strong class=\"table__header\">Electronics: <\/strong><span class=\"table__cell\">Cordoba GP-2<\/span><\/li>\n<li class=\"table__row\"><strong class=\"table__header\">Strings: <\/strong><span class=\"table__cell\">Savarez Cristal High Tension<\/span><\/li>\n<\/ul>\n<h6><span style=\"color: #725ad1;\"><strong><em>Recommended cases:<\/em><\/strong><\/span><\/h6>\n<blockquote class=\"wp-embedded-content\" data-secret=\"tBQ5ot8aVT\"><p><a href=\"https:\/\/www.iplaymc.jo\/index.php\/product\/cordoba-deluxe-gig-bag-classical-full-size\/\">C\u00f3rdoba Deluxe Gig Bag &#8211; Full Size<\/a><\/p><\/blockquote>\n<p><iframe loading=\"lazy\" class=\"wp-embedded-content\" sandbox=\"allow-scripts\" security=\"restricted\" style=\"position: absolute; clip: rect(1px, 1px, 1px, 1px);\" title=\"&#8220;C\u00f3rdoba Deluxe Gig Bag &#8211; Full Size&#8221; &#8212; iPlay MusicCenter\" src=\"https:\/\/www.iplaymc.jo\/index.php\/product\/cordoba-deluxe-gig-bag-classical-full-size\/embed\/#?secret=EFrMljzmLD#?secret=tBQ5ot8aVT\" data-secret=\"tBQ5ot8aVT\" width=\"600\" height=\"338\" frameborder=\"0\" marginwidth=\"0\" marginheight=\"0\" scrolling=\"no\"><\/iframe><\/p>\n<blockquote class=\"wp-embedded-content\" data-secret=\"A3b5FPRdzC\"><p><a href=\"https:\/\/www.iplaymc.jo\/index.php\/product\/cordoba-standard-gig-bag-full-size\/\">C\u00f3rdoba Standard Gig Bag &#8211; Full Size<\/a><\/p><\/blockquote>\n<p><iframe loading=\"lazy\" class=\"wp-embedded-content\" sandbox=\"allow-scripts\" security=\"restricted\" style=\"position: absolute; clip: rect(1px, 1px, 1px, 1px);\" title=\"&#8220;C\u00f3rdoba Standard Gig Bag &#8211; Full Size&#8221; &#8212; iPlay MusicCenter\" src=\"https:\/\/www.iplaymc.jo\/index.php\/product\/cordoba-standard-gig-bag-full-size\/embed\/#?secret=VPNSwUiVFI#?secret=A3b5FPRdzC\" data-secret=\"A3b5FPRdzC\" width=\"600\" height=\"338\" frameborder=\"0\" marginwidth=\"0\" marginheight=\"0\" scrolling=\"no\"><\/iframe><\/p>\n<p><iframe loading=\"lazy\" title=\"Review \u0111\u00e0n guitar Cordoba C1M CE | B\u00e1n Cordoba C1M CE\" width=\"1170\" height=\"658\" src=\"https:\/\/www.youtube.com\/embed\/1uPsVYdQzJs?feature=oembed\" frameborder=\"0\" allow=\"accelerometer; autoplay; clipboard-write; encrypted-media; gyroscope; picture-in-picture\" allowfullscreen><\/iframe><\/p>\n","protected":false},"excerpt":{"rendered":"<p>Brand: C\u00f3rdoba<br \/>\nModel: C1M &#8211; CE<\/p>\n","protected":false},"featured_media":3128,"template":"","meta":[],"product_brand":[],"product_cat":[204],"product_tag":[],"class_list":{"0":"post-3125","1":"product","2":"type-product","3":"status-publish","4":"has-post-thumbnail","6":"product_cat-cutaway-plugged","8":"first","9":"instock","10":"shipping-taxable","11":"purchasable","12":"product-type-simple"},"_links":{"self":[{"href":"https:\/\/www.iplaymc.jo\/index.php\/wp-json\/wp\/v2\/product\/3125","targetHints":{"allow":["GET"]}}],"collection":[{"href":"https:\/\/www.iplaymc.jo\/index.php\/wp-json\/wp\/v2\/product"}],"about":[{"href":"https:\/\/www.iplaymc.jo\/index.php\/wp-json\/wp\/v2\/types\/product"}],"wp:featuredmedia":[{"embeddable":true,"href":"https:\/\/www.iplaymc.jo\/index.php\/wp-json\/wp\/v2\/media\/3128"}],"wp:attachment":[{"href":"https:\/\/www.iplaymc.jo\/index.php\/wp-json\/wp\/v2\/media?parent=3125"}],"wp:term":[{"taxonomy":"product_brand","embeddable":true,"href":"https:\/\/www.iplaymc.jo\/index.php\/wp-json\/wp\/v2\/product_brand?post=3125"},{"taxonomy":"product_cat","embeddable":true,"href":"https:\/\/www.iplaymc.jo\/index.php\/wp-json\/wp\/v2\/product_cat?post=3125"},{"taxonomy":"product_tag","embeddable":true,"href":"https:\/\/www.iplaymc.jo\/index.php\/wp-json\/wp\/v2\/product_tag?post=3125"}],"curies":[{"name":"wp","href":"https:\/\/api.w.org\/{rel}","templated":true}]}}