{"id":3104,"date":"2022-01-13T09:47:20","date_gmt":"2022-01-13T09:47:20","guid":{"rendered":"http:\/\/www.iplaymc.jo\/?post_type=product&#038;p=3104"},"modified":"2026-01-18T10:32:48","modified_gmt":"2026-01-18T10:32:48","slug":"cordoba-c1-m-3-4-classical-guitar","status":"publish","type":"product","link":"https:\/\/www.iplaymc.jo\/index.php\/product\/cordoba-c1-m-3-4-classical-guitar\/","title":{"rendered":"C\u00f3rdoba C1 M &#8211; 3\/4 Classical Guitar"},"content":{"rendered":"<div class=\"item-instrument__content t-content l-wrapper__inner-stagger u-center\">\n<h2>Perfect for Younger Players!<\/h2>\n<p>With its compact size, the <strong>Cordoba Protege C1-3\/4-size<\/strong> nylon-string guitar is perfect for players with smaller hands, especially children between 7 and 12. But even though the size and the price are perfect for entry-level players, the Protege C1 sounds rich and full thanks to mahogany back and sides topped with real spruce. As a new player, you can become frustrated if you have to learn to play on an instrument that isn&#8217;t the correct size for you. Have more fun learning to play, with the Cordoba Protege C1-3\/4-size nylon-string guitar!<\/p>\n<\/div>\n<p>&nbsp;<\/p>\n<div class=\"obscure-this\" data-obscure=\"specs\">\n<section class=\"product-specs\">\n<h2>Tech Specs<\/h2>\n<ul class=\"table\">\n<li class=\"table__row\"><strong class=\"table__header\">String Type: <\/strong><span class=\"table__cell\">Nylon<\/span><\/li>\n<li class=\"table__row\"><strong class=\"table__header\">Number of Strings: <\/strong><span class=\"table__cell\">6<\/span><\/li>\n<li class=\"table__row\"><strong class=\"table__header\">Body Shape: <\/strong><span class=\"table__cell\">3\/4 size Classical<\/span><\/li>\n<li class=\"table__row\"><strong class=\"table__header\">Left-\/Right-handed: <\/strong><span class=\"table__cell\">Right-handed<\/span><\/li>\n<li class=\"table__row\"><strong class=\"table__header\">Color: <\/strong><span class=\"table__cell\">Natural<\/span><\/li>\n<li class=\"table__row\"><strong class=\"table__header\">Finish: <\/strong><span class=\"table__cell\">Satin Polyurethane<\/span><\/li>\n<li class=\"table__row\"><strong class=\"table__header\">Top Wood: <\/strong><span class=\"table__cell\">Spruce<\/span><\/li>\n<li class=\"table__row\"><strong class=\"table__header\">Back &amp; Sides Wood: <\/strong><span class=\"table__cell\">Mahogany<\/span><\/li>\n<li class=\"table__row\"><strong class=\"table__header\">Body Bracing: <\/strong><span class=\"table__cell\">Traditional with fan bracing<\/span><\/li>\n<li class=\"table__row\"><strong class=\"table__header\">Binding: <\/strong><span class=\"table__cell\">Black ABS<\/span><\/li>\n<li class=\"table__row\"><strong class=\"table__header\">Neck Wood: <\/strong><span class=\"table__cell\">Mahogany<\/span><\/li>\n<li class=\"table__row\"><strong class=\"table__header\">Neck Shape: <\/strong><span class=\"table__cell\">C profile<\/span><\/li>\n<li class=\"table__row\"><strong class=\"table__header\">Fingerboard Material: <\/strong><span class=\"table__cell\">Rosewood<\/span><\/li>\n<li class=\"table__row\"><strong class=\"table__header\">Number of Frets: <\/strong><span class=\"table__cell\">19<\/span><\/li>\n<li class=\"table__row\"><strong class=\"table__header\">Scale Length: <\/strong><span class=\"table__cell\">24.2&#8243;<\/span><\/li>\n<li class=\"table__row\"><strong class=\"table__header\">Tuning Machines: <\/strong><span class=\"table__cell\">Cordoba gold with pearl buttons<\/span><\/li>\n<li class=\"table__row\"><strong class=\"table__header\">Bridge Material: <\/strong><span class=\"table__cell\">Rosewood<\/span><\/li>\n<li class=\"table__row\"><strong class=\"table__header\">Nut\/Saddle Material: <\/strong><span class=\"table__cell\">Composite<\/span><\/li>\n<li class=\"table__row\"><strong class=\"table__header\">Nut Width: <\/strong><span class=\"table__cell\">1.875&#8243;<\/span><\/li>\n<li class=\"table__row\"><strong class=\"table__header\">Strings: <\/strong><span class=\"table__cell\">Savarez Cristal Corum High Tension 500CJ<\/span><\/li>\n<li class=\"table__row\"><strong class=\"table__header\">Overall Length: <\/strong><span class=\"table__cell\">37.5&#8243;<\/span><\/li>\n<li class=\"table__row\"><strong class=\"table__header\">Body Length: <\/strong><span class=\"table__cell\">18&#8243;<\/span><\/li>\n<li class=\"table__row\"><strong class=\"table__header\">Body Width: <\/strong><span class=\"table__cell\">13.37&#8243; lower bout, 10.25&#8243; upper bout<\/span><\/li>\n<li class=\"table__row\"><strong class=\"table__header\">Body Depth: <\/strong><span class=\"table__cell\">3.35&#8243;<\/span><\/li>\n<\/ul>\n<h6><span style=\"color: #725ad1;\"><strong><em>Recommended cases:<\/em><\/strong><\/span><\/h6>\n<blockquote class=\"wp-embedded-content\" data-secret=\"1D0EBg0fYC\"><p><a href=\"https:\/\/www.iplaymc.jo\/index.php\/product\/cordoba-deluxe-gig-bag-classical-full-size\/\">C\u00f3rdoba Deluxe Gig Bag &#8211; Full Size<\/a><\/p><\/blockquote>\n<p><iframe loading=\"lazy\" class=\"wp-embedded-content\" sandbox=\"allow-scripts\" security=\"restricted\" style=\"position: absolute; clip: rect(1px, 1px, 1px, 1px);\" title=\"&#8220;C\u00f3rdoba Deluxe Gig Bag &#8211; Full Size&#8221; &#8212; iPlay MusicCenter\" src=\"https:\/\/www.iplaymc.jo\/index.php\/product\/cordoba-deluxe-gig-bag-classical-full-size\/embed\/#?secret=KtGq3HPO9O#?secret=1D0EBg0fYC\" data-secret=\"1D0EBg0fYC\" width=\"600\" height=\"338\" frameborder=\"0\" marginwidth=\"0\" marginheight=\"0\" scrolling=\"no\"><\/iframe><\/p>\n<blockquote class=\"wp-embedded-content\" data-secret=\"F7huC2kZqF\"><p><a href=\"https:\/\/www.iplaymc.jo\/index.php\/product\/cordoba-standard-gig-bag-full-size\/\">C\u00f3rdoba Standard Gig Bag &#8211; Full Size<\/a><\/p><\/blockquote>\n<p><iframe loading=\"lazy\" class=\"wp-embedded-content\" sandbox=\"allow-scripts\" security=\"restricted\" style=\"position: absolute; clip: rect(1px, 1px, 1px, 1px);\" title=\"&#8220;C\u00f3rdoba Standard Gig Bag &#8211; Full Size&#8221; &#8212; iPlay MusicCenter\" src=\"https:\/\/www.iplaymc.jo\/index.php\/product\/cordoba-standard-gig-bag-full-size\/embed\/#?secret=pRmPnTDOMM#?secret=F7huC2kZqF\" data-secret=\"F7huC2kZqF\" width=\"600\" height=\"338\" frameborder=\"0\" marginwidth=\"0\" marginheight=\"0\" scrolling=\"no\"><\/iframe><\/p>\n<p><iframe loading=\"lazy\" title=\"Prot\u00e9g\u00e9 by C\u00f3rdoba C1M Comparison Classical Guitar Demo\" width=\"1170\" height=\"658\" src=\"https:\/\/www.youtube.com\/embed\/LOSDQePrloY?feature=oembed\" frameborder=\"0\" allow=\"accelerometer; autoplay; clipboard-write; encrypted-media; gyroscope; picture-in-picture\" allowfullscreen><\/iframe><\/p>\n<\/section>\n<\/div>\n<section class=\"need-help-choosing__container\">\n<div class=\"need-help-choosing__photo hide-visual\"><\/div>\n<div class=\"need-help-choosing__text\"><\/div>\n<div><\/div>\n<\/section>\n","protected":false},"excerpt":{"rendered":"<p>Brand: C\u00f3rdoba<br \/>\nModel: C1M 3\/4<\/p>\n","protected":false},"featured_media":3105,"template":"","meta":[],"product_brand":[],"product_cat":[203],"product_tag":[],"class_list":{"0":"post-3104","1":"product","2":"type-product","3":"status-publish","4":"has-post-thumbnail","6":"product_cat-classical-flamenco","8":"first","9":"instock","10":"shipping-taxable","11":"purchasable","12":"product-type-simple"},"_links":{"self":[{"href":"https:\/\/www.iplaymc.jo\/index.php\/wp-json\/wp\/v2\/product\/3104","targetHints":{"allow":["GET"]}}],"collection":[{"href":"https:\/\/www.iplaymc.jo\/index.php\/wp-json\/wp\/v2\/product"}],"about":[{"href":"https:\/\/www.iplaymc.jo\/index.php\/wp-json\/wp\/v2\/types\/product"}],"wp:featuredmedia":[{"embeddable":true,"href":"https:\/\/www.iplaymc.jo\/index.php\/wp-json\/wp\/v2\/media\/3105"}],"wp:attachment":[{"href":"https:\/\/www.iplaymc.jo\/index.php\/wp-json\/wp\/v2\/media?parent=3104"}],"wp:term":[{"taxonomy":"product_brand","embeddable":true,"href":"https:\/\/www.iplaymc.jo\/index.php\/wp-json\/wp\/v2\/product_brand?post=3104"},{"taxonomy":"product_cat","embeddable":true,"href":"https:\/\/www.iplaymc.jo\/index.php\/wp-json\/wp\/v2\/product_cat?post=3104"},{"taxonomy":"product_tag","embeddable":true,"href":"https:\/\/www.iplaymc.jo\/index.php\/wp-json\/wp\/v2\/product_tag?post=3104"}],"curies":[{"name":"wp","href":"https:\/\/api.w.org\/{rel}","templated":true}]}}