{"id":3099,"date":"2022-01-13T08:08:07","date_gmt":"2022-01-13T08:08:07","guid":{"rendered":"http:\/\/www.iplaymc.jo\/?post_type=product&#038;p=3099"},"modified":"2026-01-29T08:40:13","modified_gmt":"2026-01-29T08:40:13","slug":"cordoba-c1-classical-guitar-with-gig-bag","status":"publish","type":"product","link":"https:\/\/www.iplaymc.jo\/index.php\/product\/cordoba-c1-classical-guitar-with-gig-bag\/","title":{"rendered":"C\u00f3rdoba C1 &#8211; 4\/4 Classical Guitar with Gig Bag"},"content":{"rendered":"<div class=\"item-instrument__content t-content l-wrapper__inner-stagger u-center\">\n<p>The C1 is a high quality full size nylon string guitar designed to provide aspiring young musicians with a comfortable first guitar that\u2019s easy to learn on and play. Offered in full or 3\/4 sizes, the C1 features a spruce top with mahogany back and sides, a wood-inlaid mosaic rosette, and a high gloss polyurethane finish. Like all C\u00f3rdoba instruments, the C1 features premium Savarez strings and an adjustable truss rod for lifetime neck stability. Comes with a standard C\u00f3rdoba gig bag.<\/p>\n<\/div>\n<p>With its affordable price, <strong>the Cordoba Protege C1<\/strong> nylon-string guitar is perfect for beginner players. But even though the price perfect for entry-level players, the Protege C1 sounds rich and full thanks to mahogany back and sides topped with real spruce. As a new player, you can become frustrated if you have to learn to play on an instrument that doesn&#8217;t feel and sound great. Have more fun learning to play, with the Cordoba Protege C1 nylon-string guitar!<\/p>\n<h2>Tech Specs:<\/h2>\n<ul class=\"table\">\n<li class=\"table__row\"><strong class=\"table__header\">String Type: <\/strong><span class=\"table__cell\">Nylon<\/span><\/li>\n<li class=\"table__row\"><strong class=\"table__header\">Number of Strings: <\/strong><span class=\"table__cell\">6<\/span><\/li>\n<li class=\"table__row\"><strong class=\"table__header\">Body Shape: <\/strong><span class=\"table__cell\">Spanish Classic<\/span><\/li>\n<li class=\"table__row\"><strong class=\"table__header\">Body Style: <\/strong><span class=\"table__cell\">No Cutaway<\/span><\/li>\n<li class=\"table__row\"><strong class=\"table__header\">Left-\/Right-handed: <\/strong><span class=\"table__cell\">Right-handed<\/span><\/li>\n<li class=\"table__row\"><strong class=\"table__header\">Finish: <\/strong><span class=\"table__cell\">Gloss polyurethane<\/span><\/li>\n<li class=\"table__row\"><strong class=\"table__header\">Top Wood: <\/strong><span class=\"table__cell\">Spruce<\/span><\/li>\n<li class=\"table__row\"><strong class=\"table__header\">Back &amp; Sides Wood: <\/strong><span class=\"table__cell\">Mahogany<\/span><\/li>\n<li class=\"table__row\"><strong class=\"table__header\">Body Bracing: <\/strong><span class=\"table__cell\">Fan bracing<\/span><\/li>\n<li class=\"table__row\"><strong class=\"table__header\">Binding: <\/strong><span class=\"table__cell\">ABS binding<\/span><\/li>\n<li class=\"table__row\"><strong class=\"table__header\">Neck Wood: <\/strong><span class=\"table__cell\">Mahogany<\/span><\/li>\n<li class=\"table__row\"><strong class=\"table__header\">Fingerboard Material: <\/strong><span class=\"table__cell\">Rosewood<\/span><\/li>\n<li class=\"table__row\"><strong class=\"table__header\">Number of Frets: <\/strong><span class=\"table__cell\">19<\/span><\/li>\n<li class=\"table__row\"><strong class=\"table__header\">Scale Length: <\/strong><span class=\"table__cell\">25.6&#8243;<\/span><\/li>\n<li class=\"table__row\"><strong class=\"table__header\">Tuning Machines: <\/strong><span class=\"table__cell\">Gold tuners with pearl buttons<\/span><\/li>\n<li class=\"table__row\"><strong class=\"table__header\">Bridge Material: <\/strong><span class=\"table__cell\">Rosewood<\/span><\/li>\n<li class=\"table__row\"><strong class=\"table__header\">Nut\/Saddle Material: <\/strong><span class=\"table__cell\">Composite<\/span><\/li>\n<li class=\"table__row\"><strong class=\"table__header\">Nut Width: <\/strong><span class=\"table__cell\">2.04&#8243;<\/span><\/li>\n<li class=\"table__row\"><strong class=\"table__header\">Strings: <\/strong><span class=\"table__cell\">Savarez Cristal Corum in High Tension 500CJ<\/span><\/li>\n<li class=\"table__row\"><strong class=\"table__header\">Case Included: <\/strong><span class=\"table__cell\">Gig bag<\/span><\/li>\n<\/ul>\n<p><iframe loading=\"lazy\" title=\"Prot\u00e9g\u00e9 by C\u00f3rdoba  C1 Full Size Demo - &quot;Villa Lobos Etude No. 1&quot; by Juanito Pascual\" width=\"1170\" height=\"658\" src=\"https:\/\/www.youtube.com\/embed\/7tj6nHJLhPM?feature=oembed\" frameborder=\"0\" allow=\"accelerometer; autoplay; clipboard-write; encrypted-media; gyroscope; picture-in-picture\" allowfullscreen><\/iframe><\/p>\n","protected":false},"excerpt":{"rendered":"<p>Brand: C\u00f3rdoba<br \/>\nModel: C1<\/p>\n","protected":false},"featured_media":3101,"template":"","meta":[],"product_brand":[],"product_cat":[203],"product_tag":[],"class_list":{"0":"post-3099","1":"product","2":"type-product","3":"status-publish","4":"has-post-thumbnail","6":"product_cat-classical-flamenco","8":"first","9":"instock","10":"shipping-taxable","11":"purchasable","12":"product-type-simple"},"_links":{"self":[{"href":"https:\/\/www.iplaymc.jo\/index.php\/wp-json\/wp\/v2\/product\/3099","targetHints":{"allow":["GET"]}}],"collection":[{"href":"https:\/\/www.iplaymc.jo\/index.php\/wp-json\/wp\/v2\/product"}],"about":[{"href":"https:\/\/www.iplaymc.jo\/index.php\/wp-json\/wp\/v2\/types\/product"}],"wp:featuredmedia":[{"embeddable":true,"href":"https:\/\/www.iplaymc.jo\/index.php\/wp-json\/wp\/v2\/media\/3101"}],"wp:attachment":[{"href":"https:\/\/www.iplaymc.jo\/index.php\/wp-json\/wp\/v2\/media?parent=3099"}],"wp:term":[{"taxonomy":"product_brand","embeddable":true,"href":"https:\/\/www.iplaymc.jo\/index.php\/wp-json\/wp\/v2\/product_brand?post=3099"},{"taxonomy":"product_cat","embeddable":true,"href":"https:\/\/www.iplaymc.jo\/index.php\/wp-json\/wp\/v2\/product_cat?post=3099"},{"taxonomy":"product_tag","embeddable":true,"href":"https:\/\/www.iplaymc.jo\/index.php\/wp-json\/wp\/v2\/product_tag?post=3099"}],"curies":[{"name":"wp","href":"https:\/\/api.w.org\/{rel}","templated":true}]}}